{"id":1664,"date":"2023-08-22T09:07:47","date_gmt":"2023-08-22T09:07:47","guid":{"rendered":"https:\/\/berlin.portugal.de\/?page_id=1664"},"modified":"2023-09-01T09:35:54","modified_gmt":"2023-09-01T09:35:54","slug":"caixa-geral-de-depositos","status":"publish","type":"page","link":"https:\/\/berlin.portugal.de\/pt\/portugal-in-berlin\/investitionen\/caixa-geral-de-depositos\/","title":{"rendered":"Caixa Geral de Dep\u00f3sitos"},"content":{"rendered":"<div data-elementor-type=\"wp-page\" data-elementor-id=\"1664\" class=\"elementor elementor-1664\">\n\t\t\t\t\t\t<section class=\"elementor-section elementor-top-section elementor-element elementor-element-294b9f3b elementor-section-boxed elementor-section-height-default elementor-section-height-default\" data-id=\"294b9f3b\" data-element_type=\"section\" data-e-type=\"section\">\n\t\t\t\t\t\t<div class=\"elementor-container elementor-column-gap-default\">\n\t\t\t\t\t<div class=\"elementor-column elementor-col-100 elementor-top-column elementor-element elementor-element-671b46e5\" data-id=\"671b46e5\" data-element_type=\"column\" data-e-type=\"column\">\n\t\t\t<div class=\"elementor-widget-wrap elementor-element-populated\">\n\t\t\t\t\t\t<div class=\"elementor-element elementor-element-76108a57 elementor-widget elementor-widget-image\" data-id=\"76108a57\" data-element_type=\"widget\" data-e-type=\"widget\" data-widget_type=\"image.default\">\n\t\t\t\t<div class=\"elementor-widget-container\">\n\t\t\t\t\t\t\t\t\t\t\t\t\t\t\t\t<a href=\"http:\/\/www.bree.com\">\n\t\t\t\t\t\t\t<img fetchpriority=\"high\" decoding=\"async\" width=\"275\" height=\"275\" src=\"https:\/\/berlin.portugal.de\/wp-content\/uploads\/2023\/06\/caixa_geral_de_depositos.png\" class=\"attachment-medium size-medium wp-image-989\" alt=\"\" srcset=\"https:\/\/berlin.portugal.de\/wp-content\/uploads\/2023\/06\/caixa_geral_de_depositos.png 275w, https:\/\/berlin.portugal.de\/wp-content\/uploads\/2023\/06\/caixa_geral_de_depositos-150x150.png 150w, https:\/\/berlin.portugal.de\/wp-content\/uploads\/2023\/06\/caixa_geral_de_depositos-12x12.png 12w\" sizes=\"100vw\" \/>\t\t\t\t\t\t\t\t<\/a>\n\t\t\t\t\t\t\t\t\t\t\t\t\t\t\t<\/div>\n\t\t\t\t<\/div>\n\t\t\t\t\t<\/div>\n\t\t<\/div>\n\t\t\t\t\t<\/div>\n\t\t<\/section>\n\t\t\t\t<section class=\"elementor-section elementor-top-section elementor-element elementor-element-d2e1011 elementor-section-boxed elementor-section-height-default elementor-section-height-default\" data-id=\"d2e1011\" data-element_type=\"section\" data-e-type=\"section\">\n\t\t\t\t\t\t<div class=\"elementor-container elementor-column-gap-default\">\n\t\t\t\t\t<div class=\"elementor-column elementor-col-50 elementor-top-column elementor-element elementor-element-20ec5d1c\" data-id=\"20ec5d1c\" data-element_type=\"column\" data-e-type=\"column\">\n\t\t\t<div class=\"elementor-widget-wrap elementor-element-populated\">\n\t\t\t\t\t\t<div class=\"elementor-element elementor-element-26e40589 elementor-widget elementor-widget-heading\" data-id=\"26e40589\" data-element_type=\"widget\" data-e-type=\"widget\" data-widget_type=\"heading.default\">\n\t\t\t\t<div class=\"elementor-widget-container\">\n\t\t\t\t\t<h3 class=\"elementor-heading-title elementor-size-default\">... em Portugal<\/h3>\t\t\t\t<\/div>\n\t\t\t\t<\/div>\n\t\t\t\t<div class=\"elementor-element elementor-element-37989e73 elementor-widget elementor-widget-text-editor\" data-id=\"37989e73\" data-element_type=\"widget\" data-e-type=\"widget\" data-widget_type=\"text-editor.default\">\n\t\t\t\t<div class=\"elementor-widget-container\">\n\t\t\t\t\t\t\t\t\t<p><strong>Nome: <\/strong>Caixa Geral de Dep\u00f3sitos, S.A.<\/p><p><strong>Localiza\u00e7\u00e3o:\u00a0<\/strong>Av. Jo\u00e3o XXI 63, 1000-300 Lisboa<\/p><p><strong style=\"font-family: var( --e-global-typography-text-font-family ), Sans-serif;\">Setor:<\/strong> Servi\u00e7os e Distribui\u00e7\u00e3o - Servi\u00e7os Financeiros<\/p>\t\t\t\t\t\t\t\t<\/div>\n\t\t\t\t<\/div>\n\t\t\t\t\t<\/div>\n\t\t<\/div>\n\t\t\t\t<div class=\"elementor-column elementor-col-50 elementor-top-column elementor-element elementor-element-55f9a2fc\" data-id=\"55f9a2fc\" data-element_type=\"column\" data-e-type=\"column\">\n\t\t\t<div class=\"elementor-widget-wrap elementor-element-populated\">\n\t\t\t\t\t\t<div class=\"elementor-element elementor-element-49239e34 elementor-widget elementor-widget-heading\" data-id=\"49239e34\" data-element_type=\"widget\" data-e-type=\"widget\" data-widget_type=\"heading.default\">\n\t\t\t\t<div class=\"elementor-widget-container\">\n\t\t\t\t\t<h3 class=\"elementor-heading-title elementor-size-default\">... na Alemanha<\/h3>\t\t\t\t<\/div>\n\t\t\t\t<\/div>\n\t\t\t\t<div class=\"elementor-element elementor-element-30600de elementor-widget elementor-widget-text-editor\" data-id=\"30600de\" data-element_type=\"widget\" data-e-type=\"widget\" data-widget_type=\"text-editor.default\">\n\t\t\t\t<div class=\"elementor-widget-container\">\n\t\t\t\t\t\t\t\t\t<p><strong>Nome:\u00a0<\/strong>Caixa Geral de Dep\u00f3sitos &#8211; Repr\u00e4sentanzb\u00fcro in Deutschland<\/p><p><strong>Localiza\u00e7\u00e3o: <\/strong>Zimmerstra\u00dfe 56, 10117 Berlin<\/p><p><strong>Setor: <\/strong>Servi\u00e7os e Distribui\u00e7\u00e3o - Servi\u00e7os Financeiros<strong><br \/><\/strong><\/p>\t\t\t\t\t\t\t\t<\/div>\n\t\t\t\t<\/div>\n\t\t\t\t\t<\/div>\n\t\t<\/div>\n\t\t\t\t\t<\/div>\n\t\t<\/section>\n\t\t\t\t<section class=\"elementor-section elementor-top-section elementor-element elementor-element-17cc766a elementor-section-boxed elementor-section-height-default elementor-section-height-default\" data-id=\"17cc766a\" data-element_type=\"section\" data-e-type=\"section\">\n\t\t\t\t\t\t<div class=\"elementor-container elementor-column-gap-default\">\n\t\t\t\t\t<div class=\"elementor-column elementor-col-50 elementor-top-column elementor-element elementor-element-4f139d92\" data-id=\"4f139d92\" data-element_type=\"column\" data-e-type=\"column\">\n\t\t\t<div class=\"elementor-widget-wrap elementor-element-populated\">\n\t\t\t\t\t\t<div class=\"elementor-element elementor-element-392689a elementor-align-left elementor-widget elementor-widget-button\" data-id=\"392689a\" data-element_type=\"widget\" data-e-type=\"widget\" data-widget_type=\"button.default\">\n\t\t\t\t<div class=\"elementor-widget-container\">\n\t\t\t\t\t\t\t\t\t<div class=\"elementor-button-wrapper\">\n\t\t\t\t\t<a class=\"elementor-button elementor-button-link elementor-size-sm\" href=\"https:\/\/www.cgd.pt\/\" target=\"_blank\">\n\t\t\t\t\t\t<span class=\"elementor-button-content-wrapper\">\n\t\t\t\t\t\t\t\t\t<span class=\"elementor-button-text\">Website<\/span>\n\t\t\t\t\t<\/span>\n\t\t\t\t\t<\/a>\n\t\t\t\t<\/div>\n\t\t\t\t\t\t\t\t<\/div>\n\t\t\t\t<\/div>\n\t\t\t\t\t<\/div>\n\t\t<\/div>\n\t\t\t\t<div class=\"elementor-column elementor-col-50 elementor-top-column elementor-element elementor-element-38a6bc1e\" data-id=\"38a6bc1e\" data-element_type=\"column\" data-e-type=\"column\">\n\t\t\t<div class=\"elementor-widget-wrap elementor-element-populated\">\n\t\t\t\t\t\t<div class=\"elementor-element elementor-element-515f502 elementor-align-left elementor-widget elementor-widget-button\" data-id=\"515f502\" data-element_type=\"widget\" data-e-type=\"widget\" data-widget_type=\"button.default\">\n\t\t\t\t<div class=\"elementor-widget-container\">\n\t\t\t\t\t\t\t\t\t<div class=\"elementor-button-wrapper\">\n\t\t\t\t\t<a class=\"elementor-button elementor-button-link elementor-size-sm\" href=\"https:\/\/www.cgd.pt\/English\/\" target=\"_blank\">\n\t\t\t\t\t\t<span class=\"elementor-button-content-wrapper\">\n\t\t\t\t\t\t\t\t\t<span class=\"elementor-button-text\">Website<\/span>\n\t\t\t\t\t<\/span>\n\t\t\t\t\t<\/a>\n\t\t\t\t<\/div>\n\t\t\t\t\t\t\t\t<\/div>\n\t\t\t\t<\/div>\n\t\t\t\t\t<\/div>\n\t\t<\/div>\n\t\t\t\t\t<\/div>\n\t\t<\/section>\n\t\t\t\t<\/div>","protected":false},"excerpt":{"rendered":"<p>&#8230; in Portugal Name: Caixa Geral de Dep\u00f3sitos, S.A. Standort:\u00a0Av. Jo\u00e3o XXI 63, 1000-300 Lisboa Branche: Dienstleistungen und Vertrieb &#8211; Finanzdienstleistungen &#8230; in Deutschland Name:\u00a0Caixa Geral de Dep\u00f3sitos &#8211; Repr\u00e4sentanzb\u00fcro in Deutschland Standort: Zimmerstra\u00dfe 56, 10117 Berlin Branche: Dienstleistungen und Vertrieb &#8211; Finanzdienstleistungen Website Website<\/p>","protected":false},"author":2,"featured_media":0,"parent":1633,"menu_order":0,"comment_status":"closed","ping_status":"closed","template":"","meta":{"inspiro_hide_title":false,"footnotes":""},"class_list":["post-1664","page","type-page","status-publish","hentry"],"_links":{"self":[{"href":"https:\/\/berlin.portugal.de\/pt\/wp-json\/wp\/v2\/pages\/1664","targetHints":{"allow":["GET"]}}],"collection":[{"href":"https:\/\/berlin.portugal.de\/pt\/wp-json\/wp\/v2\/pages"}],"about":[{"href":"https:\/\/berlin.portugal.de\/pt\/wp-json\/wp\/v2\/types\/page"}],"author":[{"embeddable":true,"href":"https:\/\/berlin.portugal.de\/pt\/wp-json\/wp\/v2\/users\/2"}],"replies":[{"embeddable":true,"href":"https:\/\/berlin.portugal.de\/pt\/wp-json\/wp\/v2\/comments?post=1664"}],"version-history":[{"count":14,"href":"https:\/\/berlin.portugal.de\/pt\/wp-json\/wp\/v2\/pages\/1664\/revisions"}],"predecessor-version":[{"id":1944,"href":"https:\/\/berlin.portugal.de\/pt\/wp-json\/wp\/v2\/pages\/1664\/revisions\/1944"}],"up":[{"embeddable":true,"href":"https:\/\/berlin.portugal.de\/pt\/wp-json\/wp\/v2\/pages\/1633"}],"wp:attachment":[{"href":"https:\/\/berlin.portugal.de\/pt\/wp-json\/wp\/v2\/media?parent=1664"}],"curies":[{"name":"wp","href":"https:\/\/api.w.org\/{rel}","templated":true}]}}