{"id":409,"date":"2023-06-16T10:06:46","date_gmt":"2023-06-16T10:06:46","guid":{"rendered":"http:\/\/berlin.portugal.de\/?page_id=409"},"modified":"2023-10-17T08:48:23","modified_gmt":"2023-10-17T08:48:23","slug":"deutsch-portugiesische-gesellschaft","status":"publish","type":"page","link":"https:\/\/berlin.portugal.de\/pt\/portugal-in-berlin\/netzwerk\/deutsch-portugiesische-gesellschaft\/","title":{"rendered":"Associa\u00e7\u00e3o Luso-Alem\u00e3"},"content":{"rendered":"<div data-elementor-type=\"wp-page\" data-elementor-id=\"409\" class=\"elementor elementor-409\">\n\t\t\t\t\t\t<section class=\"elementor-section elementor-top-section elementor-element elementor-element-3669accf elementor-section-boxed elementor-section-height-default elementor-section-height-default\" data-id=\"3669accf\" data-element_type=\"section\" data-e-type=\"section\">\n\t\t\t\t\t\t<div class=\"elementor-container elementor-column-gap-default\">\n\t\t\t\t\t<div class=\"elementor-column elementor-col-100 elementor-top-column elementor-element elementor-element-42b8b3be\" data-id=\"42b8b3be\" data-element_type=\"column\" data-e-type=\"column\">\n\t\t\t<div class=\"elementor-widget-wrap elementor-element-populated\">\n\t\t\t\t\t\t<div class=\"elementor-element elementor-element-2a402f39 elementor-widget elementor-widget-heading\" data-id=\"2a402f39\" data-element_type=\"widget\" data-e-type=\"widget\" data-widget_type=\"heading.default\">\n\t\t\t\t<div class=\"elementor-widget-container\">\n\t\t\t\t\t<h2 class=\"elementor-heading-title elementor-size-default\">Contacto<\/h2>\t\t\t\t<\/div>\n\t\t\t\t<\/div>\n\t\t\t\t\t<\/div>\n\t\t<\/div>\n\t\t\t\t\t<\/div>\n\t\t<\/section>\n\t\t\t\t<section class=\"elementor-section elementor-top-section elementor-element elementor-element-4e912253 elementor-section-boxed elementor-section-height-default elementor-section-height-default\" data-id=\"4e912253\" data-element_type=\"section\" data-e-type=\"section\">\n\t\t\t\t\t\t<div class=\"elementor-container elementor-column-gap-default\">\n\t\t\t\t\t<div class=\"elementor-column elementor-col-100 elementor-top-column elementor-element elementor-element-63a2ac49\" data-id=\"63a2ac49\" data-element_type=\"column\" data-e-type=\"column\">\n\t\t\t<div class=\"elementor-widget-wrap elementor-element-populated\">\n\t\t\t\t\t\t<div class=\"elementor-element elementor-element-4db5357b elementor-widget__width-initial elementor-widget elementor-widget-text-editor\" data-id=\"4db5357b\" data-element_type=\"widget\" data-e-type=\"widget\" data-widget_type=\"text-editor.default\">\n\t\t\t\t<div class=\"elementor-widget-container\">\n\t\t\t\t\t\t\t\t\t<p>office@dpg.berlin<\/p><p>+49 (0)30 39370108<\/p>\t\t\t\t\t\t\t\t<\/div>\n\t\t\t\t<\/div>\n\t\t\t\t\t<\/div>\n\t\t<\/div>\n\t\t\t\t\t<\/div>\n\t\t<\/section>\n\t\t\t\t<section class=\"elementor-section elementor-top-section elementor-element elementor-element-515b0705 elementor-section-boxed elementor-section-height-default elementor-section-height-default\" data-id=\"515b0705\" data-element_type=\"section\" data-e-type=\"section\">\n\t\t\t\t\t\t<div class=\"elementor-container elementor-column-gap-default\">\n\t\t\t\t\t<div class=\"elementor-column elementor-col-100 elementor-top-column elementor-element elementor-element-2f69dfe1\" data-id=\"2f69dfe1\" data-element_type=\"column\" data-e-type=\"column\">\n\t\t\t<div class=\"elementor-widget-wrap elementor-element-populated\">\n\t\t\t\t\t\t<div class=\"elementor-element elementor-element-7ecef579 elementor-align-left elementor-widget elementor-widget-button\" data-id=\"7ecef579\" data-element_type=\"widget\" data-e-type=\"widget\" data-widget_type=\"button.default\">\n\t\t\t\t<div class=\"elementor-widget-container\">\n\t\t\t\t\t\t\t\t\t<div class=\"elementor-button-wrapper\">\n\t\t\t\t\t<a class=\"elementor-button elementor-button-link elementor-size-sm\" href=\"https:\/\/www.dpg.berlin\" target=\"_blank\">\n\t\t\t\t\t\t<span class=\"elementor-button-content-wrapper\">\n\t\t\t\t\t\t\t\t\t<span class=\"elementor-button-text\">Website<\/span>\n\t\t\t\t\t<\/span>\n\t\t\t\t\t<\/a>\n\t\t\t\t<\/div>\n\t\t\t\t\t\t\t\t<\/div>\n\t\t\t\t<\/div>\n\t\t\t\t\t<\/div>\n\t\t<\/div>\n\t\t\t\t\t<\/div>\n\t\t<\/section>\n\t\t\t\t<\/div>","protected":false},"excerpt":{"rendered":"<p>Kontakt office@dpg.berlin +49 (0)30 39370108 Website<\/p>","protected":false},"author":2,"featured_media":0,"parent":164,"menu_order":0,"comment_status":"closed","ping_status":"closed","template":"","meta":{"inspiro_hide_title":false,"footnotes":""},"class_list":["post-409","page","type-page","status-publish","hentry"],"_links":{"self":[{"href":"https:\/\/berlin.portugal.de\/pt\/wp-json\/wp\/v2\/pages\/409","targetHints":{"allow":["GET"]}}],"collection":[{"href":"https:\/\/berlin.portugal.de\/pt\/wp-json\/wp\/v2\/pages"}],"about":[{"href":"https:\/\/berlin.portugal.de\/pt\/wp-json\/wp\/v2\/types\/page"}],"author":[{"embeddable":true,"href":"https:\/\/berlin.portugal.de\/pt\/wp-json\/wp\/v2\/users\/2"}],"replies":[{"embeddable":true,"href":"https:\/\/berlin.portugal.de\/pt\/wp-json\/wp\/v2\/comments?post=409"}],"version-history":[{"count":23,"href":"https:\/\/berlin.portugal.de\/pt\/wp-json\/wp\/v2\/pages\/409\/revisions"}],"predecessor-version":[{"id":1982,"href":"https:\/\/berlin.portugal.de\/pt\/wp-json\/wp\/v2\/pages\/409\/revisions\/1982"}],"up":[{"embeddable":true,"href":"https:\/\/berlin.portugal.de\/pt\/wp-json\/wp\/v2\/pages\/164"}],"wp:attachment":[{"href":"https:\/\/berlin.portugal.de\/pt\/wp-json\/wp\/v2\/media?parent=409"}],"curies":[{"name":"wp","href":"https:\/\/api.w.org\/{rel}","templated":true}]}}